{"id":880,"date":"2015-08-27T10:12:10","date_gmt":"2015-08-27T10:12:10","guid":{"rendered":"http:\/\/quanticalabs.com\/wptest\/carservice\/?page_id=880"},"modified":"2026-01-16T17:27:40","modified_gmt":"2026-01-16T16:27:40","slug":"appointment","status":"publish","type":"page","link":"\/?page_id=880","title":{"rendered":"RENDEZ-VOUS"},"content":{"rendered":"<p>[vc_row type=&#8221;full-width&#8221;][vc_column][vc_raw_html]JTNDZGl2JTIwc3R5bGUlM0QlMjJ3aWR0aCUzQSUyMDEwMCUyNSUyMiUzRSUzQ2lmcmFtZSUyMHNjcm9sbGluZyUzRCUyMm5vJTIyJTIwbWFyZ2luaGVpZ2h0JTNEJTIyMCUyMiUyMG1hcmdpbndpZHRoJTNEJTIyMCUyMiUyMHNyYyUzRCUyMmh0dHBzJTNBJTJGJTJGbWFwcy5nb29nbGUuY29tJTJGbWFwcyUzRndpZHRoJTNEMTAwJTI1MjUlMjZhbXAlM0JoZWlnaHQlM0Q2MDAlMjZhbXAlM0JobCUzRGVuJTI2YW1wJTNCcSUzRHJ1ZSUyNTIwZGVzJTI1MjBzYWJsaSUyNUMzJTI1QThyZXMlMkMlMjUyMDQwNCUyNTIwNjIwMCUyQyUyNTIwQ2glMjVDMyUyNUEydGVsZXQlMkIlMjhNeSUyNTIwQnVzaW5lc3MlMjUyME5hbWUlMjklMjZhbXAlM0J0JTNEJTI2YW1wJTNCeiUzRDE0JTI2YW1wJTNCaWUlM0RVVEY4JTI2YW1wJTNCaXdsb2MlM0RCJTI2YW1wJTNCb3V0cHV0JTNEZW1iZWQlMjIlMjB3aWR0aCUzRCUyMjEwMCUyNSUyMiUyMGhlaWdodCUzRCUyMjYwMCUyMiUyMGZyYW1lYm9yZGVyJTNEJTIyMCUyMiUzRSUzQyUyRmlmcmFtZSUzRSUzQ2ElMjBocmVmJTNEJTIyaHR0cHMlM0ElMkYlMkZ3d3cubWFwcy5pZSUyRnJvdXRlLXBsYW5uZXIuaHRtJTIyJTNFRHJpdmluZyUyMFJvdXRlJTIwUGxhbm5lciUzQyUyRmElM0UlM0MlMkZkaXYlM0U=[\/vc_raw_html][\/vc_column][\/vc_row][vc_row top_margin=&#8221;page-margin-top&#8221;][vc_column]<h2 class=\" box-header\">PRENEZ RENDEZ-VOUS<\/h2>[vc_column_text css_animation=&#8221;rollIn&#8221; el_class=&#8221;description align-center&#8221;]Chez Corsa Performance, nous accompagnons les clients partout en Belgique<br \/>\npour des interventions techniques fiables et ma\u00eetris\u00e9es.<br \/>\nChaque prestation est r\u00e9alis\u00e9e avec s\u00e9rieux par des techniciens qualifi\u00e9s,<br \/>\ndans le respect de la m\u00e9canique et des standards de qualit\u00e9.[\/vc_column_text][\/vc_column][\/vc_row][vc_row type=&#8221;cost-calculator-container&#8221; top_margin=&#8221;page-margin-top&#8221; el_class=&#8221;padding-bottom-66&#8243;][vc_column][vc_row_inner][vc_column_inner width=&#8221;1\/3&#8243;]<div class=\"cost-calculator-box cost-calculator-clearfix\"><label>ANN\u00c9E DU V\u00c9HICULE<\/label>\n\t\t<input type=\"hidden\" name=\"vehicle-year-label\" value=\"ANN\u00c9E DU V\u00c9HICULE\"><div class=\"cost-slider-container\">\n\t\t\t<input id=\"vehicle-year\" class=\"cost-calculator-cost-slider-input\" name=\"vehicle-year\" type=\"number\" value=\"2008\" step=\"1\"><input id=\"vehicle-year-value\" type=\"hidden\" value=\"2008\" data-default=\"2008\"><div class=\"cost-calculator-cost-slider\" data-value=\"2008\" data-step=\"1\" data-min=\"1990\" data-max=\"2021\" data-input=\"vehicle-year\" data-value-input=\"vehicle-year-value\" data-price=\"1\"><\/div>\n\t\t<\/div>\n\t<\/div>[\/vc_column_inner][vc_column_inner width=&#8221;1\/3&#8243;]<div class=\"cost-calculator-box cost-calculator-clearfix\"><label>MARQUE DU V\u00c9HICULE<\/label>\n\t\t<input type=\"hidden\" name=\"vehicle-make-label\" value=\"MARQUE DU V\u00c9HICULE\"><select name=\"vehicle-make\" id=\"vehicle-make\" class=\"cost-calculator-cost-dropdown\"><option value=\"\" selected=\"selected\">Choose...<\/option><option value=\"General Motors\">General Motors<\/option><option value=\"Land Rover\">Land Rover<\/option><option value=\"Lexus\">Lexus<\/option><option value=\"Lincoln\">Lincoln<\/option><option value=\"Mazda\">Mazda<\/option><option value=\"Mercedes - Benz\">Mercedes - Benz<\/option><option value=\"Mercury\">Mercury<\/option><option value=\"Mitsubishi\">Mitsubishi<\/option><option value=\"Nissan\">Nissan<\/option><option value=\"Renault\">Renault<\/option><option value=\"Plymouth\">Plymouth<\/option><option value=\"Pontiac Porsche\">Pontiac Porsche<\/option><option value=\"Rover\">Rover<\/option><option value=\"Saab\">Saab<\/option><option value=\"Saleen\">Saleen<\/option><\/select><input type=\"hidden\" class=\"vehicle-make\" id=\"vehicle-make-name\" name=\"vehicle-make-name\" value=\"Choose...\">\n\t<\/div>[\/vc_column_inner][vc_column_inner width=&#8221;1\/3&#8243;]<div class=\"cost-calculator-box cost-calculator-clearfix\"><label for=\"vehicle-mileage\">KILOM\u00c8TRE DU V\u00c9HICULE<\/label><input type=\"hidden\" name=\"vehicle-mileage-label\" value=\"KILOM\u00c8TRE DU V\u00c9HICULE\"><input id=\"vehicle-mileage\" class=\"cost-calculator-cost-slider-input type-number cost-calculator-big\" name=\"vehicle-mileage\" type=\"number\" value=\"\" data-value=\"\" placeholder=\"Nombre de km\">\n\t\t<\/div>[\/vc_column_inner][\/vc_row_inner][vc_row_inner top_margin=&#8221;page-margin-top&#8221;][vc_column_inner width=&#8221;1\/2&#8243;]<div class=\"cost-calculator-box cost-calculator-clearfix\"><label for=\"appointment-date\">DATE DE RENDEZ-VOUS<\/label><input type=\"hidden\" name=\"appointment-date-label\" value=\"DATE DE RENDEZ-VOUS\"><div class=\"cost-calculator-datepicker-container\"><span class=\"ui-icon cc-template-arrow-vertical-3\"><\/span><input id=\"appointment-date\" class=\"cost-calculator-cost-slider-input type-date cost-calculator-big\" name=\"appointment-date\" type=\"type-date\" value=\"\" data-value=\"\" placeholder=\"Date de pr\u00e9f\u00e9rence\">\n\t\t<\/div><\/div><div class=\"cost-calculator-box cost-calculator-clearfix page-margin-top\"><label>CADRE DE TEMPS PR\u00c9F\u00c9R\u00c9<\/label>\n\t\t<input type=\"hidden\" name=\"time-frame-label\" value=\"CADRE DE TEMPS PR\u00c9F\u00c9R\u00c9\"><select name=\"time-frame\" id=\"time-frame\" class=\"cost-calculator-cost-dropdown\"><option value=\"\" selected=\"selected\">Choose...<\/option><option value=\"09:00 AM - 10:00 AM\">09:00 AM - 10:00 AM<\/option><option value=\"10:00 AM - 11:00 AM\">10:00 AM - 11:00 AM<\/option><option value=\"11:00 AM - 12:00 PM\">11:00 AM - 12:00 PM<\/option><option value=\"12:00 PM - 01:00 PM\">12:00 PM - 01:00 PM<\/option><option value=\"01:00 PM - 02:00 PM\">01:00 PM - 02:00 PM<\/option><option value=\"02:00 PM - 03:00 PM\">02:00 PM - 03:00 PM<\/option><option value=\"03:00 PM - 04:00 PM\">03:00 PM - 04:00 PM<\/option><option value=\"04:00 PM - 05:00 PM\">04:00 PM - 05:00 PM<\/option><option value=\"05:00 PM - 06:00 PM\">05:00 PM - 06:00 PM<\/option><\/select><input type=\"hidden\" class=\"time-frame\" id=\"time-frame-name\" name=\"time-frame-name\" value=\"Choose...\">\n\t<\/div><label class=\" box-header margin-bottom-20 page-margin-top\">S\u00c9LECTIONNEZ LES SERVICES N\u00c9CESSAIRES<\/label><div class=\"cost-calculator-box cost-calculator-clearfix cost-calculator-float\"><input type=\"hidden\" name=\"engine-diagnostics-label\" value=\"Reprogrammation de bo\u00eete \u00e0 vitesse automatique\"><input id=\"engine-diagnostics\" class=\"cost-calculator-cost-slider-input type-checkbox cost-calculator-big\" name=\"engine-diagnostics\" type=\"checkbox\" checked=\"checked\" value=\"1\" data-value=\"1\">\n\t\t<label class=\"cost-calculator-checkbox-label no-border-left\" for=\"engine-diagnostics\"><span class=\"checkbox-box\"><\/span>Reprogrammation de bo\u00eete \u00e0 vitesse automatique<\/label><input type=\"hidden\" class=\"engine-diagnostics\" name=\"engine-diagnostics-name\" value=\"checked\" data-yes=\"checked\" data-no=\"not checked\"><\/div><div class=\"cost-calculator-box cost-calculator-clearfix cost-calculator-float\"><input type=\"hidden\" name=\"air-conditioning-label\" value=\"POP&amp;BANG\"><input id=\"air-conditioning\" class=\"cost-calculator-cost-slider-input type-checkbox cost-calculator-big\" name=\"air-conditioning\" type=\"checkbox\" checked=\"checked\" value=\"1\" data-value=\"1\">\n\t\t<label class=\"cost-calculator-checkbox-label no-border-top no-border-left\" for=\"air-conditioning\"><span class=\"checkbox-box\"><\/span>POP&BANG<\/label><input type=\"hidden\" class=\"air-conditioning\" name=\"air-conditioning-name\" value=\"checked\" data-yes=\"checked\" data-no=\"not checked\"><\/div><div class=\"cost-calculator-box cost-calculator-clearfix cost-calculator-float\"><input type=\"hidden\" name=\"brakes-repair-label\" value=\"Reprogrammation moteur\"><input id=\"brakes-repair\" class=\"cost-calculator-cost-slider-input type-checkbox cost-calculator-big\" name=\"brakes-repair\" type=\"checkbox\" checked=\"checked\" value=\"1\" data-value=\"1\">\n\t\t<label class=\"cost-calculator-checkbox-label no-border-left\" for=\"brakes-repair\"><span class=\"checkbox-box\"><\/span>Reprogrammation moteur<\/label><input type=\"hidden\" class=\"brakes-repair\" name=\"brakes-repair-name\" value=\"checked\" data-yes=\"checked\" data-no=\"not checked\"><\/div><div class=\"cost-calculator-box cost-calculator-clearfix cost-calculator-float\"><input type=\"hidden\" name=\"heating-cooling-label\" value=\"D\u00e9sactivation FAP\"><input id=\"heating-cooling\" class=\"cost-calculator-cost-slider-input type-checkbox cost-calculator-big\" name=\"heating-cooling\" type=\"checkbox\" checked=\"checked\" value=\"1\" data-value=\"1\">\n\t\t<label class=\"cost-calculator-checkbox-label no-border-top no-border-left\" for=\"heating-cooling\"><span class=\"checkbox-box\"><\/span>D\u00e9sactivation FAP<\/label><input type=\"hidden\" class=\"heating-cooling\" name=\"heating-cooling-name\" value=\"checked\" data-yes=\"checked\" data-no=\"not checked\"><\/div><div class=\"cost-calculator-box cost-calculator-clearfix cost-calculator-float\"><input type=\"hidden\" name=\"oil-lube-filters-label\" value=\"Entretien voiture\"><input id=\"oil-lube-filters\" class=\"cost-calculator-cost-slider-input type-checkbox cost-calculator-big\" name=\"oil-lube-filters\" type=\"checkbox\" checked=\"checked\" value=\"1\" data-value=\"1\">\n\t\t<label class=\"cost-calculator-checkbox-label no-border-top no-border-left\" for=\"oil-lube-filters\"><span class=\"checkbox-box\"><\/span>Entretien voiture<\/label><input type=\"hidden\" class=\"oil-lube-filters\" name=\"oil-lube-filters-name\" value=\"checked\" data-yes=\"checked\" data-no=\"not checked\"><\/div><div class=\"cost-calculator-box cost-calculator-clearfix cost-calculator-float\"><input type=\"hidden\" name=\"steering-suspension-label\" value=\"Launch control\"><input id=\"steering-suspension\" class=\"cost-calculator-cost-slider-input type-checkbox cost-calculator-big\" name=\"steering-suspension\" type=\"checkbox\" checked=\"checked\" value=\"1\" data-value=\"1\">\n\t\t<label class=\"cost-calculator-checkbox-label no-border-top no-border-left\" for=\"steering-suspension\"><span class=\"checkbox-box\"><\/span>Launch control<\/label><input type=\"hidden\" class=\"steering-suspension\" name=\"steering-suspension-name\" value=\"checked\" data-yes=\"checked\" data-no=\"not checked\"><\/div><div class=\"cost-calculator-box cost-calculator-clearfix cost-calculator-float\"><input type=\"hidden\" name=\"transmission-repair-label\" value=\"D\u00e9sactivation de l&#039;adblue\"><input id=\"transmission-repair\" class=\"cost-calculator-cost-slider-input type-checkbox cost-calculator-big\" name=\"transmission-repair\" type=\"checkbox\" checked=\"checked\" value=\"1\" data-value=\"1\">\n\t\t<label class=\"cost-calculator-checkbox-label no-border-top no-border-left\" for=\"transmission-repair\"><span class=\"checkbox-box\"><\/span>D\u00e9sactivation de l'adblue<\/label><input type=\"hidden\" class=\"transmission-repair\" name=\"transmission-repair-name\" value=\"checked\" data-yes=\"checked\" data-no=\"not checked\"><\/div><div class=\"cost-calculator-box cost-calculator-clearfix cost-calculator-float\"><input type=\"hidden\" name=\"wheel-alignment-label\" value=\"D\u00e9sactivation de la vanne EGR\"><input id=\"wheel-alignment\" class=\"cost-calculator-cost-slider-input type-checkbox cost-calculator-big\" name=\"wheel-alignment\" type=\"checkbox\" checked=\"checked\" value=\"1\" data-value=\"1\">\n\t\t<label class=\"cost-calculator-checkbox-label no-border-top no-border-left\" for=\"wheel-alignment\"><span class=\"checkbox-box\"><\/span>D\u00e9sactivation de la vanne EGR<\/label><input type=\"hidden\" class=\"wheel-alignment\" name=\"wheel-alignment-name\" value=\"checked\" data-yes=\"checked\" data-no=\"not checked\"><\/div>[\/vc_column_inner][vc_column_inner width=&#8221;1\/2&#8243;]<div class=\"vc_row wpb_row vc_inner cost-calculator-contact-box\"><div class=\"vc_row wpb_row vc_inner\"><label>D\u00c9TAILS DU CONTACT<\/label><\/div><div class=\"vc_row wpb_row vc_inner cost-calculator-flex-box\"><fieldset class=\"vc_col-sm-6 wpb_column vc_column_container\">\n\t\t\t<div class=\"cost-calculator-block\">\n\t\t\t\t\n\t\t\t\t<input name=\"name\" type=\"text\" value=\"\" data-required=\"1\" placeholder=\"Your Name *\">\n\t\t\t<\/div>\n\t\t\t<div class=\"cost-calculator-block\">\n\t\t\t\t\n\t\t\t\t<input name=\"email\" type=\"text\" value=\"\" data-required=\"1\" placeholder=\"Email *\">\n\t\t\t<\/div>\n\t\t\t<div class=\"cost-calculator-block\">\n\t\t\t\t\n\t\t\t\t<input name=\"phone\" type=\"text\" value=\"\" placeholder=\"T\u00e9l\">\n\t\t\t<\/div>\n\t\t<\/fieldset>\n\t\t<fieldset class=\"vc_col-sm-6 wpb_column vc_column_container\">\n\t\t\t<div class=\"cost-calculator-block cost-calculator-textarea-block\">\n\t\t\t\t\n\t\t\t\t<textarea name=\"message\" placeholder=\"Questions ou commentaires suppl\u00e9mentaires\"><\/textarea>\n\t\t\t<\/div>\n\t\t<\/fieldset><\/div><\/div>\n\t<div class=\"vc_row wpb_row vc_inner cost-calculator-contact-box-submit-container\"><input type=\"hidden\" name=\"action\" value=\"cost_calculator_form\">\n\t\t<input type=\"hidden\" name=\"type\" value=\"calculator\"><div class=\"vc_row wpb_row vc_inner\">\n\t\t\t<a class=\"cost-calculator-more cost-calculator-submit-form\" href=\"#cost-calculator-submit\" title=\"SOUMETTRE MAINTENANT\"><span>SOUMETTRE MAINTENANT<\/span><\/a>\n\t\t<\/div><\/div>[\/vc_column_inner][\/vc_row_inner][\/vc_column][\/vc_row]<\/p>\n","protected":false},"excerpt":{"rendered":"<p>[vc_row type=&#8221;full-width&#8221;][vc_column][vc_raw_html]JTNDZGl2JTIwc3R5bGUlM0QlMjJ3aWR0aCUzQSUyMDEwMCUyNSUyMiUzRSUzQ2lmcmFtZSUyMHNjcm9sbGluZyUzRCUyMm5vJTIyJTIwbWFyZ2luaGVpZ2h0JTNEJTIyMCUyMiUyMG1hcmdpbndpZHRoJTNEJTIyMCUyMiUyMHNyYyUzRCUyMmh0dHBzJTNBJTJGJTJGbWFwcy5nb29nbGUuY29tJTJGbWFwcyUzRndpZHRoJTNEMTAwJTI1MjUlMjZhbXAlM0JoZWlnaHQlM0Q2MDAlMjZhbXAlM0JobCUzRGVuJTI2YW1wJTNCcSUzRHJ1ZSUyNTIwZGVzJTI1MjBzYWJsaSUyNUMzJTI1QThyZXMlMkMlMjUyMDQwNCUyNTIwNjIwMCUyQyUyNTIwQ2glMjVDMyUyNUEydGVsZXQlMkIlMjhNeSUyNTIwQnVzaW5lc3MlMjUyME5hbWUlMjklMjZhbXAlM0J0JTNEJTI2YW1wJTNCeiUzRDE0JTI2YW1wJTNCaWUlM0RVVEY4JTI2YW1wJTNCaXdsb2MlM0RCJTI2YW1wJTNCb3V0cHV0JTNEZW1iZWQlMjIlMjB3aWR0aCUzRCUyMjEwMCUyNSUyMiUyMGhlaWdodCUzRCUyMjYwMCUyMiUyMGZyYW1lYm9yZGVyJTNEJTIyMCUyMiUzRSUzQyUyRmlmcmFtZSUzRSUzQ2ElMjBocmVmJTNEJTIyaHR0cHMlM0ElMkYlMkZ3d3cubWFwcy5pZSUyRnJvdXRlLXBsYW5uZXIuaHRtJTIyJTNFRHJpdmluZyUyMFJvdXRlJTIwUGxhbm5lciUzQyUyRmElM0UlM0MlMkZkaXYlM0U=[\/vc_raw_html][\/vc_column][\/vc_row][vc_row top_margin=&#8221;page-margin-top&#8221;][vc_column][vc_column_text css_animation=&#8221;rollIn&#8221; el_class=&#8221;description align-center&#8221;]Chez Corsa Performance, nous accompagnons les clients partout en Belgique pour des interventions techniques fiables et ma\u00eetris\u00e9es. Chaque prestation est r\u00e9alis\u00e9e avec s\u00e9rieux par des techniciens qualifi\u00e9s, dans le respect de la m\u00e9canique et des standards de qualit\u00e9.[\/vc_column_text][\/vc_column][\/vc_row][vc_row type=&#8221;cost-calculator-container&#8221; top_margin=&#8221;page-margin-top&#8221; el_class=&#8221;padding-bottom-66&#8243;][vc_column][vc_row_inner][vc_column_inner width=&#8221;1\/3&#8243;][\/vc_column_inner][vc_column_inner width=&#8221;1\/3&#8243;][\/vc_column_inner][vc_column_inner width=&#8221;1\/3&#8243;][\/vc_column_inner][\/vc_row_inner][vc_row_inner top_margin=&#8221;page-margin-top&#8221;][vc_column_inner width=&#8221;1\/2&#8243;][\/vc_column_inner][vc_column_inner width=&#8221;1\/2&#8243;][\/vc_column_inner][\/vc_row_inner][\/vc_column][\/vc_row]<\/p>\n","protected":false},"author":1,"featured_media":0,"parent":0,"menu_order":0,"comment_status":"closed","ping_status":"closed","template":"template-default-without-breadcrumbs.php","meta":[],"_links":{"self":[{"href":"\/index.php?rest_route=\/wp\/v2\/pages\/880"}],"collection":[{"href":"\/index.php?rest_route=\/wp\/v2\/pages"}],"about":[{"href":"\/index.php?rest_route=\/wp\/v2\/types\/page"}],"author":[{"embeddable":true,"href":"\/index.php?rest_route=\/wp\/v2\/users\/1"}],"replies":[{"embeddable":true,"href":"\/index.php?rest_route=%2Fwp%2Fv2%2Fcomments&post=880"}],"version-history":[{"count":16,"href":"\/index.php?rest_route=\/wp\/v2\/pages\/880\/revisions"}],"predecessor-version":[{"id":1816,"href":"\/index.php?rest_route=\/wp\/v2\/pages\/880\/revisions\/1816"}],"wp:attachment":[{"href":"\/index.php?rest_route=%2Fwp%2Fv2%2Fmedia&parent=880"}],"curies":[{"name":"wp","href":"https:\/\/api.w.org\/{rel}","templated":true}]}}