{"id":137,"date":"2015-05-20T11:09:20","date_gmt":"2015-05-20T11:09:20","guid":{"rendered":"http:\/\/quanticalabs.com\/wptest\/carservice\/?page_id=137"},"modified":"2026-01-16T16:55:04","modified_gmt":"2026-01-16T15:55:04","slug":"services","status":"publish","type":"page","link":"\/?page_id=137","title":{"rendered":"NOS SERVICES"},"content":{"rendered":"<p>[vc_row el_class=&#8221;padding-top-70&#8243;][vc_column]<h4 class=\" box-header\">REPROGRAMMATION MOTEUR (STAGE 1, STAGE 2, STAGE 3)<\/h4>[\/vc_column][\/vc_row][vc_row el_class=&#8221;padding-top-70&#8243;][vc_column][vc_column_text css_animation=&#8221;bounceInDown&#8221;]Il s\u2019agit d\u2019une modification \u00e9lectronique de la <strong data-start=\"401\" data-end=\"424\">cartographie moteur<\/strong> visant \u00e0 optimiser la puissance et le couple de votre v\u00e9hicule tout en r\u00e9duisant sa consommation de carburant. Nous ajustons les param\u00e8tres du calculateur (ECU) afin d\u2019augmenter significativement les performances du moteur dans le respect de sa fiabilit\u00e9. Nos reprogrammations se d\u00e9clinent en <strong data-start=\"718\" data-end=\"737\">Stage 1, 2 ou 3<\/strong> en fonction de vos objectifs et des modifications m\u00e9caniques pr\u00e9sentes : du simple r\u00e9glage logiciel sur moteur d\u2019origine jusqu\u2019au tuning extr\u00eame accompagn\u00e9 de pi\u00e8ces performance, chaque stage lib\u00e8re un niveau de performance sup\u00e9rieur.[\/vc_column_text][\/vc_column][\/vc_row][vc_row el_class=&#8221;padding-top-70&#8243;][vc_column]<h4 class=\" box-header\">REPROGRAMMATION POUR LE E85 BIO \u00c9THANOL, LE E85+ SUPER \u00c9THANOL ET LE FLEX E85<\/h4>[\/vc_column][\/vc_row][vc_row el_class=&#8221;padding-top-70&#8243;][vc_column][vc_column_text css_animation=&#8221;bounceInDown&#8221;]Cette intervention consiste \u00e0 adapter la gestion moteur pour permettre l\u2019utilisation de carburants contenant de l\u2019\u00e9thanol, tels que le <strong data-start=\"1156\" data-end=\"1176\">Super\u00e9thanol E85<\/strong> (bio\u00e9thanol). L\u2019objectif est de vous permettre de rouler avec un carburant plus \u00e9conomique et plus \u00e9cologique, sans compromettre les performances du v\u00e9hicule \u2013 bien au contraire, le bio\u00e9thanol poss\u00e8de un indice d\u2019octane \u00e9lev\u00e9 qui peut am\u00e9liorer le rendement du moteur. Nous proposons des reprogrammations <strong data-start=\"1482\" data-end=\"1494\">FlexFuel<\/strong> capables de g\u00e9rer indiff\u00e9remment essence et E85, afin que vous puissiez faire le plein de <strong data-start=\"1585\" data-end=\"1592\">E85<\/strong> ou de sans-plomb selon vos besoins, en toute simplicit\u00e9.[\/vc_column_text][\/vc_column][\/vc_row][vc_row el_class=&#8221;padding-top-70&#8243;][vc_column]<h4 class=\" box-header\">REPROGRAMMATION DE BO\u00ceTE \u00c0 VITESSE AUTOMATIQUE (STAGE 1, STAGE 2, STAGE 3)<\/h4>[\/vc_column][\/vc_row][vc_row el_class=&#8221;padding-top-70&#8243;][vc_column][vc_column_text css_animation=&#8221;bounceInDown&#8221;]Nous optimisons \u00e9galement la <strong data-start=\"1738\" data-end=\"1793\">cartographie de votre bo\u00eete de vitesses automatique<\/strong> pour des passages de rapports plus rapides et plus doux. En reprogrammant la transmission (TCU), nous ajustons les points de changement de vitesse et la r\u00e9activit\u00e9 de la bo\u00eete afin d\u2019exploiter au mieux le gain de couple du moteur reprogramm\u00e9. Le r\u00e9sultat : une acc\u00e9l\u00e9ration plus franche, des r\u00e9trogradages plus r\u00e9actifs et un comportement global de la bo\u00eete adapt\u00e9 \u00e0 votre style de conduite. Comme pour le moteur, plusieurs niveaux de programmation (Stage 1 \u00e0 3) sont disponibles selon l\u2019utilisation (route, sport, comp\u00e9tition) et les modifications apport\u00e9es au v\u00e9hicule.[\/vc_column_text][\/vc_column][\/vc_row][vc_row el_class=&#8221;padding-top-70&#8243;][vc_column]<h4 class=\" box-header\">POP&BANG<\/h4>[\/vc_column][\/vc_row][vc_row el_class=&#8221;padding-top-70&#8243;][vc_column][vc_column_text css_animation=&#8221;bounceInDown&#8221;]Le r\u00e9glage <strong data-start=\"2394\" data-end=\"2408\">Pop &amp; Bang <\/strong>est une modification de la gestion moteur qui cr\u00e9e de l\u00e9g\u00e8res d\u00e9tonations contr\u00f4l\u00e9es \u00e0 l\u2019\u00e9chappement lors des d\u00e9c\u00e9l\u00e9rations ou des changements de rapport. Ce <strong data-start=\"2594\" data-end=\"2606\">backfire<\/strong> volontaire g\u00e9n\u00e8re un <strong data-start=\"2628\" data-end=\"2652\">effet sonore sportif<\/strong> et spectaculaire \u2013 ces fameuses p\u00e9tarades \u00e0 l\u2019\u00e9chappement \u2013 sans impacter la fiabilit\u00e9 du moteur. Il s\u2019agit d\u2019un pur plaisir acoustique destin\u00e9 aux amateurs de sensations sonores, id\u00e9al pour donner un caract\u00e8re racing \u00e0 votre v\u00e9hicule lors de sorties et \u00e9v\u00e9nements. <em data-start=\"2919\" data-end=\"3009\">NB : Cette option est configurable sur mesure en intensit\u00e9 et fr\u00e9quence des d\u00e9tonations.<\/em>[\/vc_column_text][\/vc_column][\/vc_row][vc_row el_class=&#8221;padding-top-70&#8243;][vc_column]<h4 class=\" box-header\">LAUNCH CONTROL<\/h4>[\/vc_column][\/vc_row][vc_row el_class=&#8221;padding-top-70&#8243;][vc_column][vc_column_text css_animation=&#8221;bounceInDown&#8221;]Le <strong data-start=\"3035\" data-end=\"3053\">Launch Control<\/strong> est un dispositif d\u2019aide au d\u00e9part arr\u00eat\u00e9 qui permet au conducteur de lancer son v\u00e9hicule avec une acc\u00e9l\u00e9ration optimale. Gr\u00e2ce \u00e0 un r\u00e9glage \u00e9lectronique pr\u00e9cis, nous limitons le patinage des roues et optimisons la r\u00e9ponse de l\u2019acc\u00e9l\u00e9rateur lors du d\u00e9marrage en premi\u00e8re. Le syst\u00e8me maintient le moteur dans sa plage de couple id\u00e9ale pendant que vous rel\u00e2chez l\u2019embrayage ou la p\u00e9dale de frein sur les bo\u00eetes automatiques, garantissant une motricit\u00e9 maximale. R\u00e9sultat : des d\u00e9parts canon depuis la grille de d\u00e9part ou les feux tricolores, avec des 0-100 km\/h am\u00e9lior\u00e9s et une traction ma\u00eetris\u00e9e.[\/vc_column_text][\/vc_column][\/vc_row][vc_row el_class=&#8221;padding-top-70&#8243;][vc_column]<h4 class=\" box-header\">ENTRETIEN DE TOUS TYPES DE V\u00c9HICULES & DIAGNOSTIC<\/h4>[\/vc_column][\/vc_row][vc_row el_class=&#8221;padding-top-70&#8243;][vc_column][vc_column_text css_animation=&#8221;bounceInDown&#8221;]<\/p>\n<p data-start=\"3692\" data-end=\"4106\">Confiez-nous l\u2019<strong data-start=\"3707\" data-end=\"3720\">entretien<\/strong> de votre v\u00e9hicule : nos m\u00e9caniciens exp\u00e9riment\u00e9s prennent en charge tous types de v\u00e9hicules (essence, diesel, hybrides) pour les maintenir en parfait \u00e9tat de fonctionnement. Nous utilisons des \u00e9quipements de diagnostic de pointe pour <strong data-start=\"3955\" data-end=\"3994\">identifier rapidement tout probl\u00e8me<\/strong> de performance ou de s\u00e9curit\u00e9, et y rem\u00e9dions efficacement. Nos services de maintenance couvrent entre autres\u00a0:<\/p>\n<ul data-start=\"4108\" data-end=\"4553\">\n<li data-start=\"4108\" data-end=\"4199\">\n<p data-start=\"4110\" data-end=\"4199\">Vidange moteur (<strong data-start=\"4126\" data-end=\"4135\">huile<\/strong> moteur) et remplacement des <strong data-start=\"4164\" data-end=\"4175\">filtres<\/strong> (air, huile, carburant)<\/p>\n<\/li>\n<li data-start=\"4200\" data-end=\"4312\">\n<p data-start=\"4202\" data-end=\"4312\">Contr\u00f4le, entretien et changement des <strong data-start=\"4240\" data-end=\"4264\">courroies et durites<\/strong> (tuyaux) pour pr\u00e9venir les fuites et ruptures<\/p>\n<\/li>\n<li data-start=\"4313\" data-end=\"4412\">\n<p data-start=\"4315\" data-end=\"4412\">Service des <strong data-start=\"4327\" data-end=\"4345\">pneus et roues<\/strong> : montage, \u00e9quilibrage, g\u00e9om\u00e9trie et r\u00e9paration des pneumatiques<\/p>\n<\/li>\n<li data-start=\"4413\" data-end=\"4553\">\n<p data-start=\"4415\" data-end=\"4553\">Tous les <strong data-start=\"4424\" data-end=\"4443\">autres services<\/strong> m\u00e9caniques courants (freins, suspensions, batterie, climatisation, etc.), selon les besoins de votre v\u00e9hicule<\/p>\n<\/li>\n<\/ul>\n<p data-start=\"4555\" data-end=\"4755\">Chaque intervention est r\u00e9alis\u00e9e dans les r\u00e8gles de l\u2019art, avec des pi\u00e8ces de qualit\u00e9 et selon les recommandations du constructeur, afin de garantir votre s\u00e9curit\u00e9 et la long\u00e9vit\u00e9 de votre automobile.<\/p>\n<p>[\/vc_column_text][\/vc_column][\/vc_row][vc_row el_class=&#8221;padding-top-70&#8243;][vc_column]<h4 class=\" box-header\">D\u00c9SACTIVATION DE LA VANNE EGR<\/h4>[\/vc_column][\/vc_row][vc_row el_class=&#8221;padding-top-70&#8243;][vc_column][vc_column_text css_animation=&#8221;bounceInDown&#8221;]La vanne <strong data-start=\"4801\" data-end=\"4808\">EGR<\/strong> (Exhaust Gas Recirculation) recircule une partie des gaz d\u2019\u00e9chappement dans l\u2019admission du moteur pour r\u00e9duire les \u00e9missions d\u2019oxydes d\u2019azote (NOx). Cette recirculation finit par encrasser votre moteur (d\u00e9p\u00f4ts de suie) et peut causer des pannes ou une baisse de performance. Nous proposons la <strong data-start=\"5102\" data-end=\"5135\">d\u00e9sactivation de la vanne EGR<\/strong> \u2013 une intervention \u00e9lectronique aussi appel\u00e9e <strong data-start=\"5182\" data-end=\"5193\">EGR OFF<\/strong> \u2013 afin de supprimer ce recyclage des gaz d\u2019\u00e9chappement. En neutralisant la fonction EGR, on pr\u00e9serve la propret\u00e9 du moteur, on \u00e9vite les pannes li\u00e9es \u00e0 son encrassement, et on r\u00e9cup\u00e8re parfois une petite am\u00e9lioration de performance. <em data-start=\"5427\" data-end=\"5551\">(\u00c0 noter : cette modification est destin\u00e9e \u00e0 un usage comp\u00e9tition ou export, dans le respect de la r\u00e9glementation locale.)<\/em>[\/vc_column_text][\/vc_column][\/vc_row][vc_row el_class=&#8221;padding-top-70&#8243;][vc_column]<h4 class=\" box-header\">D\u00c9SACTIVATION DU FILTRE \u00c0 PARTICULES<\/h4>[\/vc_column][\/vc_row][vc_row el_class=&#8221;padding-top-70&#8243;][vc_column][vc_column_text css_animation=&#8221;bounceInDown&#8221;]<\/p>\n<p data-start=\"5601\" data-end=\"6336\">Les v\u00e9hicules diesel modernes sont \u00e9quip\u00e9s d\u2019un <strong data-start=\"5649\" data-end=\"5672\">filtre \u00e0 particules<\/strong> (FAP) charg\u00e9 de pi\u00e9ger les particules fines \u00e9mises par le moteur afin de r\u00e9duire la pollution. Avec le temps, ce filtre se colmate et peut engendrer des pertes de puissance, des surconsommations de carburant et l\u2019allumage de voyants moteur n\u00e9cessitant des r\u00e9g\u00e9n\u00e9rations forc\u00e9es. Notre service de <strong data-start=\"5969\" data-end=\"5991\">suppression du FAP<\/strong> (ou <strong data-start=\"5996\" data-end=\"6007\">FAP OFF<\/strong>) consiste \u00e0 d\u00e9sactiver \u00e9lectroniquement la gestion du filtre \u00e0 particules et, si n\u00e9cessaire, \u00e0 retirer l\u2019\u00e9l\u00e9ment filtrant obstru\u00e9. Cette intervention lib\u00e8re l\u2019\u00e9chappement, redonne de la vivacit\u00e9 au moteur et \u00e9vite le remplacement on\u00e9reux du filtre. <em data-start=\"6257\" data-end=\"6336\">(Modification r\u00e9serv\u00e9e \u00e0 un usage hors r\u00e9seau routier public ou comp\u00e9tition.)<\/em><\/p>\n<h2 data-start=\"6338\" data-end=\"6368\"><\/h2>\n<p>[\/vc_column_text][\/vc_column][\/vc_row][vc_row el_class=&#8221;padding-top-70&#8243;][vc_column]<h4 class=\" box-header\">D\u00c9SACTIVATION DE L'ADBLUE<\/h4>[\/vc_column][\/vc_row][vc_row el_class=&#8221;padding-top-70&#8243;][vc_column][vc_column_text css_animation=&#8221;bounceInDown&#8221;]L\u2019<strong data-start=\"6371\" data-end=\"6381\">AdBlue<\/strong> est un additif (solution d\u2019ur\u00e9e) inject\u00e9 dans les syst\u00e8mes SCR des moteurs diesel r\u00e9cents pour r\u00e9duire les \u00e9missions de NOx. Bien que b\u00e9n\u00e9fique pour l\u2019environnement, ce syst\u00e8me peut entra\u00eener des co\u00fbts d\u2019entretien suppl\u00e9mentaires (ravitaillement r\u00e9gulier en AdBlue, entretien du catalyseur SCR) et immobiliser le v\u00e9hicule en cas de panne du syst\u00e8me (voyant AdBlue, modes d\u00e9grad\u00e9s). Nous proposons la <strong data-start=\"6782\" data-end=\"6811\">d\u00e9sactivation de l\u2019AdBlue<\/strong> \u2013 ou <strong data-start=\"6817\" data-end=\"6831\">AdBlue OFF<\/strong> \u2013 qui neutralise \u00e9lectroniquement l\u2019injection d\u2019AdBlue. Concr\u00e8tement, votre v\u00e9hicule n\u2019exigera plus de remplissage d\u2019AdBlue et ne subira plus de limitation de performance li\u00e9e \u00e0 ce syst\u00e8me. Vous r\u00e9duisez ainsi les frais et \u00e9liminez les risques de pannes ou de bridage du moteur caus\u00e9s par un d\u00e9faut du syst\u00e8me AdBlue. <em data-start=\"7150\" data-end=\"7204\">(\u00c0 r\u00e9server \u00e0 un usage o\u00f9 la l\u00e9gislation le permet.)<\/em>[\/vc_column_text][\/vc_column][\/vc_row][vc_row el_class=&#8221;padding-top-70&#8243;][vc_column]<h4 class=\" box-header\">D\u00c9SACTIVATION DU START & STOP<\/h4>[\/vc_column][\/vc_row][vc_row el_class=&#8221;padding-top-70&#8243;][vc_column][vc_column_text css_animation=&#8221;bounceInDown&#8221;]<\/p>\n<p data-start=\"7241\" data-end=\"7970\">De nombreux v\u00e9hicules r\u00e9cents sont dot\u00e9s d\u2019un syst\u00e8me <strong data-start=\"7295\" data-end=\"7311\">Start &amp; Stop<\/strong> qui coupe automatiquement le moteur \u00e0 chaque arr\u00eat (feu rouge, embouteillage) afin d\u2019\u00e9conomiser du carburant. Dans la pratique, ce dispositif peut \u00eatre intrusif et sollicite fortement le d\u00e9marreur et la batterie en multipliant les cycles arr\u00eat\/red\u00e9marrage. Si vous trouvez le Start &amp; Stop g\u00eanant ou pr\u00e9judiciable \u00e0 la long\u00e9vit\u00e9 m\u00e9canique, nous offrons un service de <strong data-start=\"7678\" data-end=\"7711\">d\u00e9sactivation du Start &amp; Stop<\/strong> via reprogrammation. Une fois cette option activ\u00e9e (Start &amp; Stop OFF), le moteur ne s\u2019\u00e9teindra plus syst\u00e9matiquement \u00e0 l\u2019arr\u00eat : vous gagnez en <strong data-start=\"7856\" data-end=\"7879\">confort de conduite<\/strong>, \u00e9liminez la latence au red\u00e9marrage, et pr\u00e9servez votre m\u00e9canique d\u2019une usure pr\u00e9matur\u00e9e.<\/p>\n<p data-start=\"7972\" data-end=\"8336\" data-is-last-node=\"\" data-is-only-node=\"\">Chaque service propos\u00e9 par Corsa Performance Pro est r\u00e9alis\u00e9 par des professionnels passionn\u00e9s, avec un souci du d\u00e9tail et de la qualit\u00e9. <strong data-start=\"8110\" data-end=\"8128\">Contactez-nous<\/strong> d\u00e8s aujourd\u2019hui pour booster les performances de votre voiture ou pour tout entretien : nous sommes \u00e0 votre \u00e9coute pour r\u00e9pondre \u00e0 vos besoins et faire de votre v\u00e9hicule une v\u00e9ritable voiture de performance.<\/p>\n<p>[\/vc_column_text][\/vc_column][\/vc_row]<\/p>\n","protected":false},"excerpt":{"rendered":"<p>[vc_row el_class=&#8221;padding-top-70&#8243;][vc_column][\/vc_column][\/vc_row][vc_row el_class=&#8221;padding-top-70&#8243;][vc_column][vc_column_text css_animation=&#8221;bounceInDown&#8221;]Il s\u2019agit d\u2019une modification \u00e9lectronique de la cartographie moteur visant \u00e0 optimiser la puissance et le couple de votre v\u00e9hicule tout en r\u00e9duisant sa consommation de carburant. Nous ajustons les param\u00e8tres du calculateur (ECU) afin d\u2019augmenter significativement les performances du moteur dans le respect de sa fiabilit\u00e9. Nos reprogrammations se d\u00e9clinent en<\/p>\n","protected":false},"author":1,"featured_media":0,"parent":0,"menu_order":0,"comment_status":"closed","ping_status":"open","template":"","meta":[],"_links":{"self":[{"href":"\/index.php?rest_route=\/wp\/v2\/pages\/137"}],"collection":[{"href":"\/index.php?rest_route=\/wp\/v2\/pages"}],"about":[{"href":"\/index.php?rest_route=\/wp\/v2\/types\/page"}],"author":[{"embeddable":true,"href":"\/index.php?rest_route=\/wp\/v2\/users\/1"}],"replies":[{"embeddable":true,"href":"\/index.php?rest_route=%2Fwp%2Fv2%2Fcomments&post=137"}],"version-history":[{"count":8,"href":"\/index.php?rest_route=\/wp\/v2\/pages\/137\/revisions"}],"predecessor-version":[{"id":1813,"href":"\/index.php?rest_route=\/wp\/v2\/pages\/137\/revisions\/1813"}],"wp:attachment":[{"href":"\/index.php?rest_route=%2Fwp%2Fv2%2Fmedia&parent=137"}],"curies":[{"name":"wp","href":"https:\/\/api.w.org\/{rel}","templated":true}]}}